{"id":5843,"date":"2019-01-30T09:36:47","date_gmt":"2019-01-30T09:36:47","guid":{"rendered":"http:\/\/www.az-cases.pl\/skrzynie-transportowe\/"},"modified":"2025-03-24T11:12:16","modified_gmt":"2025-03-24T11:12:16","slug":"flight-cases","status":"publish","type":"page","link":"https:\/\/www.az-cases.pl\/en\/flight-cases\/","title":{"rendered":"Flight cases"},"content":{"rendered":"<p>[vc_row full_width=&#8221;stretch_row_content_no_spaces&#8221;][vc_column]<style scoped='scoped'>.mgt-promo-block-38245132.mgt-promo-block.darken .mgt-promo-block-content {background-color: rgba(0,0,0,0.3)!important;}.mgt-promo-block-38245132.mgt-promo-block .mgt-promo-block-content h2 {font-size: 40px;line-height: normal!important;}.mgt-promo-block-38245132.mgt-promo-block .mgt-promo-block-content h2 {margin: 20px!important;}<\/style><div class=\"mgt-promo-block-container wpb_content_element\"><div class=\"mgt-promo-block-wrapper \"><div  class=\" mgt-promo-block white-text cover-image darken mgt-promo-block-38245132\" data-style=\"background-image: url(https:\/\/www.az-cases.pl\/wp-content\/uploads\/2019\/04\/skrzynie-transportowe.jpg);background-repeat: no-repeat;height: 550px;\"><div class=\"mgt-promo-block-content va-middle\"><div class=\"mgt-promo-block-content-inside vc_custom_1565187703575\">\n<h1 style=\"text-align: center;\">Transport cases<\/h1>\n<p>&nbsp;<\/p>\n<h3 style=\"text-align: center;\">If you are interested in our offer, please contact us.<\/h3>\n<div class=\"mgt-button-wrapper mgt-button-wrapper-align-center mgt-button-wrapper-display-newline mgt-button-top-margin-true mgt-button-right-margin-false mgt-button-round-edges-small \"><a class=\"btn hvr-float mgt-button-icon-true mgt-button mgt-style-grey mgt-size-normal mgt-align-center mgt-display-newline mgt-text-size-small mgt-button-icon-separator- mgt-button-icon-position-right text-font-weight-default mgt-text-transform-none\" href=\"http:\/\/www.az-cases.pl\/en\/contact\/\" target=\"_blank\">Contact<i class=\"entypo-icon entypo-icon-right-open-mini\"><\/i><\/a><\/div><\/div><\/div><\/div><\/div><\/div>[\/vc_column][\/vc_row][vc_row][vc_column][vc_empty_space][\/vc_column][\/vc_row][vc_row full_height=&#8221;yes&#8221; equal_height=&#8221;yes&#8221; content_placement=&#8221;middle&#8221; row_onepage_id=&#8221;#o-nas&#8221; css=&#8221;.vc_custom_1544182726849{margin-top: 0px !important;padding-top: 20px !important;padding-bottom: 50px !important;}&#8221;][vc_column]<div class=\"mgt-header-block clearfix text-center text-black wpb_animate_when_almost_visible wpb_fadeInDown fadeInDown wpb_content_element  mgt-header-block-style-2 mgt-header-block-fontsize-medium mgt-header-texttransform-subheader mgt-header-block-75793508 \"><h2 class=\"mgt-header-block-title text-font-weight-default\">WHAT ARE TRANSPORT CASES?<\/h2><div class=\"mgt-header-line mgt-header-line-margin-small\"><\/div><\/div><style scoped='scoped'>.mgt-header-block-75793508.mgt-header-block .mgt-header-line {background-color: #efefef!important;}<\/style>[vc_row_inner equal_height=&#8221;yes&#8221; content_placement=&#8221;middle&#8221; css=&#8221;.vc_custom_1544180659021{margin-bottom: 0px !important;padding-right: 2% !important;padding-left: 2% !important;}&#8221;][vc_column_inner width=&#8221;1\/2&#8243; css=&#8221;.vc_custom_1544180136903{padding-top: 80px !important;padding-right: 80px !important;}&#8221;][vc_column_text css_animation=&#8221;none&#8221; el_class=&#8221;text-size-medium&#8221;]For years, transport cases have been used by a wide variety of industries. They are used to store and deliver expensive equipment, electronic equipment or musical instruments. Thanks to their solid construction and adjusted <a href=\"https:\/\/www.az-cases.pl\/wypelnienia-piankowe\/\">foam fillings<\/a>, the transported objects are not mechanically damaged and are adequately cushioned against shocks. A-Z Cases studio is one of the pioneers introducing flight cases to the Polish market.[\/vc_column_text][\/vc_column_inner][vc_column_inner width=&#8221;1\/2&#8243; css=&#8221;.vc_custom_1544180165869{padding-top: 80px !important;}&#8221;][vc_single_image image=&#8221;5467&#8243; img_size=&#8221;full&#8221;][\/vc_column_inner][\/vc_row_inner]<div class=\"mgt-header-block clearfix text-center text-black wpb_animate_when_almost_visible wpb_fadeInDown fadeInDown wpb_content_element  mgt-header-block-style-2 mgt-header-block-fontsize-medium mgt-header-texttransform-subheader mgt-header-block-49842563 \"><h2 class=\"mgt-header-block-title text-font-weight-default\">TRANSPORT CASES TO ORDER<\/h2><div class=\"mgt-header-line mgt-header-line-margin-small\"><\/div><\/div><style scoped='scoped'>.mgt-header-block-49842563.mgt-header-block .mgt-header-line {background-color: #efefef!important;}<\/style>[vc_row_inner equal_height=&#8221;yes&#8221; content_placement=&#8221;middle&#8221; css=&#8221;.vc_custom_1544182732417{margin-top: 0px !important;padding-right: 2% !important;padding-left: 2% !important;}&#8221;][vc_column_inner width=&#8221;1\/2&#8243; css=&#8221;.vc_custom_1544180165869{padding-top: 80px !important;}&#8221;][vc_single_image image=&#8221;5469&#8243; img_size=&#8221;full&#8221;][\/vc_column_inner][vc_column_inner width=&#8221;1\/2&#8243; css=&#8221;.vc_custom_1544180190255{padding-top: 80px !important;padding-left: 80px !important;}&#8221;][vc_column_text css_animation=&#8221;none&#8221; el_class=&#8221;text-size-medium&#8221;]The best cases are those designed for individual orders. This option guarantees the choice of the most suitable materials for a given case purpose and user&#8217;s needs. The customized case customized will best serve its purpose. We have been designing cases for many industries for over 20 years. Based on this experience, we can provide expert advice to ensure the products meet the client&#8217;s expectations. Entrust us with a transport case, and we will carry out your project- as always- from A to Z![\/vc_column_text][\/vc_column_inner][\/vc_row_inner][\/vc_column][\/vc_row][vc_row equal_height=&#8221;yes&#8221; content_placement=&#8221;middle&#8221; css=&#8221;.vc_custom_1548841004602{margin-top: 30px !important;}&#8221;][vc_column][vc_row_inner content_placement=&#8221;middle&#8221; css=&#8221;.vc_custom_1546526656712{margin-bottom: 80px !important;}&#8221;][vc_column_inner css=&#8221;.vc_custom_1544180964245{margin-top: 20px !important;}&#8221;]<div class=\"mgt-header-block clearfix text-center text-black wpb_animate_when_almost_visible wpb_fadeInDown fadeInDown wpb_content_element  mgt-header-block-style-2 mgt-header-block-fontsize-medium mgt-header-texttransform-subheader mgt-header-block-25798275 \"><h2 class=\"mgt-header-block-title text-font-weight-default\">FLIGHT CASES<\/h2><div class=\"mgt-header-line mgt-header-line-margin-small\"><\/div><\/div><style scoped='scoped'>.mgt-header-block-25798275.mgt-header-block .mgt-header-line {background-color: #efefef!important;}<\/style>[\/vc_column_inner][\/vc_row_inner][vc_row_inner css=&#8221;.vc_custom_1544179792819{margin-bottom: 50px !important;}&#8221;][vc_column_inner width=&#8221;1\/4&#8243;]<div class=\"cq-ihover  cq-style-lightgray cq-ihover-bordernone\"  data-effect=\"effect8\" data-shape=\"square\" data-bgcolor=\"\" data-titlesize=\"\" data-titlecolor=\"\" data-descsize=\"\" data-desccolor=\"\" data-iconsize=\"3em\" data-iconcolor=\"\" data-containerwidth=\"\" data-captionmargintop=\"\" data-videowidth=\"\" data-bgstyle=\"lightgray\"><div class=\"cq-ihover-container\"><div class='cq-ihover-item square effect8 left_to_right scale_up'><a href='http:\/\/www.az-cases.pl\/en\/flight-cases\/video-photo\/' title='' target='' rel=''><div class='cq-ihover-imagecontainer'><div class='cq-ihover-imageitem'><img src='https:\/\/www.az-cases.pl\/wp-content\/uploads\/2018\/12\/shutterstock_314805686-640x445.jpg' alt='Transport cases' class='cq-ihover-image' \/><\/div><\/div><div class='cq-ihover-info'><div class='cq-ihover-text'><p class='cq-ihover-desc'>Video and photo cases<\/p><p class=\"cq-ihover-icontext\"><i class=\"cq-ihover-icon entypo-icon entypo-icon-camera\"><\/i><\/p><\/div><\/div><\/a><\/div><\/div><\/div>[vc_column_text]<\/p>\n<p style=\"text-align: center;\">Video, photo<\/p>\n<p>[\/vc_column_text][\/vc_column_inner][vc_column_inner width=&#8221;1\/4&#8243;]<div class=\"cq-ihover  cq-style-lightgray cq-ihover-bordernone\"  data-effect=\"effect8\" data-shape=\"square\" data-bgcolor=\"\" data-titlesize=\"\" data-titlecolor=\"\" data-descsize=\"\" data-desccolor=\"\" data-iconsize=\"3em\" data-iconcolor=\"\" data-containerwidth=\"\" data-captionmargintop=\"\" data-videowidth=\"\" data-bgstyle=\"lightgray\"><div class=\"cq-ihover-container\"><div class='cq-ihover-item square effect8 left_to_right scale_up'><a href='http:\/\/www.az-cases.pl\/en\/flight-cases\/audio\/' title='' target='' rel=''><div class='cq-ihover-imagecontainer'><div class='cq-ihover-imageitem'><img src='https:\/\/www.az-cases.pl\/wp-content\/uploads\/2018\/12\/shutterstock_314805686-640x445.jpg' alt='Transport cases' class='cq-ihover-image' \/><\/div><\/div><div class='cq-ihover-info'><div class='cq-ihover-text'><p class='cq-ihover-desc'>Cases for audio equipment<\/p><p class=\"cq-ihover-icontext\"><i class=\"cq-ihover-icon entypo-icon entypo-icon-note\"><\/i><\/p><\/div><\/div><\/a><\/div><\/div><\/div>[vc_column_text]<\/p>\n<p style=\"text-align: center;\">Audio<\/p>\n<p>[\/vc_column_text][\/vc_column_inner][vc_column_inner width=&#8221;1\/4&#8243;]<div class=\"cq-ihover  cq-style-lightgray cq-ihover-bordernone\"  data-effect=\"effect8\" data-shape=\"square\" data-bgcolor=\"\" data-titlesize=\"\" data-titlecolor=\"\" data-descsize=\"\" data-desccolor=\"\" data-iconsize=\"3em\" data-iconcolor=\"\" data-containerwidth=\"\" data-captionmargintop=\"\" data-videowidth=\"\" data-bgstyle=\"lightgray\"><div class=\"cq-ihover-container\"><div class='cq-ihover-item square effect8 right_to_left scale_up'><a href='http:\/\/www.az-cases.pl\/en\/flight-cases\/lighting\/' title='' target='' rel=''><div class='cq-ihover-imagecontainer'><div class='cq-ihover-imageitem'><img src='https:\/\/www.az-cases.pl\/wp-content\/uploads\/2018\/12\/shutterstock_314805686-640x445.jpg' alt='Transport cases' class='cq-ihover-image' \/><\/div><\/div><div class='cq-ihover-info'><div class='cq-ihover-text'><p class='cq-ihover-desc'>Lighting cases<\/p><p class=\"cq-ihover-icontext\"><i class=\"cq-ihover-icon entypo-icon entypo-icon-sound\"><\/i><\/p><\/div><\/div><\/a><\/div><\/div><\/div>[vc_column_text]<\/p>\n<p style=\"text-align: center;\">Lighting<\/p>\n<p>[\/vc_column_text][\/vc_column_inner][vc_column_inner width=&#8221;1\/4&#8243;]<div class=\"cq-ihover  cq-style-lightgray cq-ihover-bordernone\"  data-effect=\"effect8\" data-shape=\"square\" data-bgcolor=\"\" data-titlesize=\"\" data-titlecolor=\"\" data-descsize=\"\" data-desccolor=\"\" data-iconsize=\"3em\" data-iconcolor=\"\" data-containerwidth=\"\" data-captionmargintop=\"\" data-videowidth=\"\" data-bgstyle=\"lightgray\"><div class=\"cq-ihover-container\"><div class='cq-ihover-item square effect8 right_to_left scale_up'><a href='http:\/\/www.az-cases.pl\/en\/flight-cases\/multimedia\/' title='' target='' rel=''><div class='cq-ihover-imagecontainer'><div class='cq-ihover-imageitem'><img src='https:\/\/www.az-cases.pl\/wp-content\/uploads\/2018\/12\/shutterstock_314805686-640x445.jpg' alt='Transport cases' class='cq-ihover-image' \/><\/div><\/div><div class='cq-ihover-info'><div class='cq-ihover-text'><p class='cq-ihover-desc'>Multimedia cases<\/p><p class=\"cq-ihover-icontext\"><i class=\"cq-ihover-icon entypo-icon entypo-icon-video\"><\/i><\/p><\/div><\/div><\/a><\/div><\/div><\/div>[vc_column_text]<\/p>\n<p style=\"text-align: center;\">Multimedia<\/p>\n<p>[\/vc_column_text][\/vc_column_inner][\/vc_row_inner][vc_row_inner][vc_column_inner width=&#8221;1\/4&#8243;]<div class=\"cq-ihover  cq-style-lightgray cq-ihover-bordernone\"  data-effect=\"effect8\" data-shape=\"square\" data-bgcolor=\"\" data-titlesize=\"\" data-titlecolor=\"\" data-descsize=\"\" data-desccolor=\"\" data-iconsize=\"3em\" data-iconcolor=\"\" data-containerwidth=\"\" data-captionmargintop=\"\" data-videowidth=\"\" data-bgstyle=\"lightgray\"><div class=\"cq-ihover-container\"><div class='cq-ihover-item square effect8 left_to_right scale_up'><a href='http:\/\/www.az-cases.pl\/en\/flight-cases\/rack-19\/' title='' target='' rel=''><div class='cq-ihover-imagecontainer'><div class='cq-ihover-imageitem'><img src='https:\/\/www.az-cases.pl\/wp-content\/uploads\/2018\/12\/shutterstock_314805686-640x445.jpg' alt='Transport cases' class='cq-ihover-image' \/><\/div><\/div><div class='cq-ihover-info'><div class='cq-ihover-text'><p class='cq-ihover-desc'>Rack 19?<\/p><p class=\"cq-ihover-icontext\"><i class=\"cq-ihover-icon entypo-icon entypo-icon-key\"><\/i><\/p><\/div><\/div><\/a><\/div><\/div><\/div>[vc_column_text]<\/p>\n<p style=\"text-align: center;\">Rack 19<\/p>\n<p>[\/vc_column_text][\/vc_column_inner][vc_column_inner width=&#8221;1\/4&#8243;]<div class=\"cq-ihover  cq-style-lightgray cq-ihover-bordernone\"  data-effect=\"effect8\" data-shape=\"square\" data-bgcolor=\"\" data-titlesize=\"\" data-titlecolor=\"\" data-descsize=\"\" data-desccolor=\"\" data-iconsize=\"3em\" data-iconcolor=\"\" data-containerwidth=\"\" data-captionmargintop=\"\" data-videowidth=\"\" data-bgstyle=\"lightgray\"><div class=\"cq-ihover-container\"><div class='cq-ihover-item square effect8 left_to_right scale_up'><a href='http:\/\/www.az-cases.pl\/en\/flight-cases\/musical-instruments\/' title='' target='' rel=''><div class='cq-ihover-imagecontainer'><div class='cq-ihover-imageitem'><img src='https:\/\/www.az-cases.pl\/wp-content\/uploads\/2018\/12\/shutterstock_314805686-640x445.jpg' alt='Transport cases' class='cq-ihover-image' \/><\/div><\/div><div class='cq-ihover-info'><div class='cq-ihover-text'><p class='cq-ihover-desc'>Cases for musical instruments<\/p><p class=\"cq-ihover-icontext\"><i class=\"cq-ihover-icon entypo-icon entypo-icon-note-beamed\"><\/i><\/p><\/div><\/div><\/a><\/div><\/div><\/div>[vc_column_text]<\/p>\n<p style=\"text-align: center;\">Musical instruments<\/p>\n<p>[\/vc_column_text][\/vc_column_inner][vc_column_inner width=&#8221;1\/4&#8243;]<div class=\"cq-ihover  cq-style-lightgray cq-ihover-bordernone\"  data-effect=\"effect8\" data-shape=\"square\" data-bgcolor=\"\" data-titlesize=\"\" data-titlecolor=\"\" data-descsize=\"\" data-desccolor=\"\" data-iconsize=\"3em\" data-iconcolor=\"\" data-containerwidth=\"\" data-captionmargintop=\"\" data-videowidth=\"\" data-bgstyle=\"lightgray\"><div class=\"cq-ihover-container\"><div class='cq-ihover-item square effect8 right_to_left scale_up'><a href='http:\/\/www.az-cases.pl\/en\/flight-cases\/presentation-cases\/' title='' target='' rel=''><div class='cq-ihover-imagecontainer'><div class='cq-ihover-imageitem'><img src='https:\/\/www.az-cases.pl\/wp-content\/uploads\/2018\/12\/shutterstock_314805686-640x445.jpg' alt='Transport cases' class='cq-ihover-image' \/><\/div><\/div><div class='cq-ihover-info'><div class='cq-ihover-text'><p class='cq-ihover-desc'>Presentation suitcases<\/p><p class=\"cq-ihover-icontext\"><i class=\"cq-ihover-icon entypo-icon entypo-icon-suitcase\"><\/i><\/p><\/div><\/div><\/a><\/div><\/div><\/div>[vc_column_text]<\/p>\n<p style=\"text-align: center;\">Presentation cases<\/p>\n<p>[\/vc_column_text][\/vc_column_inner][vc_column_inner width=&#8221;1\/4&#8243;]<div class=\"cq-ihover  cq-style-lightgray cq-ihover-bordernone\"  data-effect=\"effect8\" data-shape=\"square\" data-bgcolor=\"\" data-titlesize=\"\" data-titlecolor=\"\" data-descsize=\"\" data-desccolor=\"\" data-iconsize=\"3em\" data-iconcolor=\"\" data-containerwidth=\"\" data-captionmargintop=\"\" data-videowidth=\"\" data-bgstyle=\"lightgray\"><div class=\"cq-ihover-container\"><div class='cq-ihover-item square effect8 right_to_left scale_up'><a href='http:\/\/www.az-cases.pl\/en\/flight-cases\/other\/' title='' target='' rel=''><div class='cq-ihover-imagecontainer'><div class='cq-ihover-imageitem'><img src='https:\/\/www.az-cases.pl\/wp-content\/uploads\/2018\/12\/shutterstock_314805686-640x445.jpg' alt='Transport cases' class='cq-ihover-image' \/><\/div><\/div><div class='cq-ihover-info'><div class='cq-ihover-text'><p class='cq-ihover-desc'>Outside the diagram<\/p><p class=\"cq-ihover-icontext\"><i class=\"cq-ihover-icon entypo-icon entypo-icon-box\"><\/i><\/p><\/div><\/div><\/a><\/div><\/div><\/div>[vc_column_text]<\/p>\n<p style=\"text-align: center;\">Other<\/p>\n<p>[\/vc_column_text][\/vc_column_inner][\/vc_row_inner][\/vc_column][\/vc_row][vc_row][vc_column][vc_empty_space height=&#8221;64px&#8221;][\/vc_column][\/vc_row][vc_row full_width=&#8221;stretch_row&#8221; css_animation=&#8221;none&#8221; css=&#8221;.vc_custom_1545140106211{border-top-width: 1px !important;background-color: #f8f8f8 !important;background-position: 0 0 !important;background-repeat: repeat !important;border-top-color: #e6e6e6 !important;border-top-style: solid !important;border-radius: 1px !important;}&#8221;][vc_column]<div  class=\" mgt-cta-block clearfix black-text without-text wpb_content_element\" data-style=\"background-color: ;\"><div class=\"mgt-cta-content-wrapper\"><h5 class=\"mgt-cta-block-header\">Please contact us<\/h5><\/div><div class=\"mgt-button-wrapper mgt-button-wrapper-align-right mgt-button-wrapper-display-newline mgt-button-top-margin-false mgt-button-right-margin-false mgt-button-round-edges-small \"><a class=\"btn hvr-float mgt-button-icon-true mgt-button mgt-style-borderedgrey mgt-size-normal mgt-align-right mgt-display-newline mgt-text-size-normal mgt-button-icon-separator- mgt-button-icon-position-right text-font-weight-default mgt-text-transform-none\" href=\"http:\/\/www.az-cases.pl\/en\/contact\/\">Contact<i class=\"entypo-icon entypo-icon-right-open\"><\/i><\/a><\/div><\/div>[\/vc_column][\/vc_row]<\/p>\n","protected":false},"excerpt":{"rendered":"<p>[vc_row full_width=&#8221;stretch_row_content_no_spaces&#8221;][vc_column][\/vc_column][\/vc_row][vc_row][vc_column][vc_empty_space][\/vc_column][\/vc_row][vc_row full_height=&#8221;yes&#8221; equal_height=&#8221;yes&#8221; content_placement=&#8221;middle&#8221; row_onepage_id=&#8221;#o-nas&#8221; css=&#8221;.vc_custom_1544182726849{margin-top: 0px !important;padding-top: 20px !important;padding-bottom: 50px !important;}&#8221;][vc_column][vc_row_inner equal_height=&#8221;yes&#8221; content_placement=&#8221;middle&#8221; css=&#8221;.vc_custom_1544180659021{margin-bottom: 0px !important;padding-right: 2% !important;padding-left: 2% !important;}&#8221;][vc_column_inner width=&#8221;1\/2&#8243; css=&#8221;.vc_custom_1544180136903{padding-top: 80px !important;padding-right: 80px !important;}&#8221;][vc_column_text css_animation=&#8221;none&#8221; el_class=&#8221;text-size-medium&#8221;]For&#8230;<\/p>\n","protected":false},"author":1,"featured_media":0,"parent":0,"menu_order":0,"comment_status":"closed","ping_status":"closed","template":"","meta":{"footnotes":""},"class_list":["post-5843","page","type-page","status-publish","hentry"],"yoast_head":"<!-- This site is optimized with the Yoast SEO plugin v18.0 - https:\/\/yoast.com\/wordpress\/plugins\/seo\/ -->\n<title>Skrzynie transportowe Fligh Case na wymiar - Az-cases.pl<\/title>\n<meta name=\"description\" content=\"Skrzynie transportowe od lat znajduj\u0105 zastosowanie w przypadku najrozmaitszych bran\u017c. S\u0142u\u017c\u0105 do przechowywania i transportu drogich przedmiot\u00f3w. Zapraszamy\" \/>\n<meta name=\"robots\" content=\"index, follow, max-snippet:-1, max-image-preview:large, max-video-preview:-1\" \/>\n<link rel=\"canonical\" href=\"https:\/\/www.az-cases.pl\/en\/flight-cases\/\" \/>\n<meta property=\"og:locale\" content=\"en_US\" \/>\n<meta property=\"og:type\" content=\"article\" \/>\n<meta property=\"og:title\" content=\"Skrzynie transportowe Fligh Case na wymiar - Az-cases.pl\" \/>\n<meta property=\"og:description\" content=\"Skrzynie transportowe od lat znajduj\u0105 zastosowanie w przypadku najrozmaitszych bran\u017c. S\u0142u\u017c\u0105 do przechowywania i transportu drogich przedmiot\u00f3w. Zapraszamy\" \/>\n<meta property=\"og:url\" content=\"https:\/\/www.az-cases.pl\/en\/flight-cases\/\" \/>\n<meta property=\"og:site_name\" content=\"Az-cases.pl\" \/>\n<meta property=\"article:modified_time\" content=\"2025-03-24T11:12:16+00:00\" \/>\n<meta name=\"twitter:card\" content=\"summary_large_image\" \/>\n<meta name=\"twitter:label1\" content=\"Est. reading time\" \/>\n\t<meta name=\"twitter:data1\" content=\"6 minutes\" \/>\n<script type=\"application\/ld+json\" class=\"yoast-schema-graph\">{\"@context\":\"https:\/\/schema.org\",\"@graph\":[{\"@type\":\"WebSite\",\"@id\":\"https:\/\/www.az-cases.pl\/#website\",\"url\":\"https:\/\/www.az-cases.pl\/\",\"name\":\"Az-cases.pl\",\"description\":\"Az-cases.pl\",\"potentialAction\":[{\"@type\":\"SearchAction\",\"target\":{\"@type\":\"EntryPoint\",\"urlTemplate\":\"https:\/\/www.az-cases.pl\/?s={search_term_string}\"},\"query-input\":\"required name=search_term_string\"}],\"inLanguage\":\"en-US\"},{\"@type\":\"WebPage\",\"@id\":\"https:\/\/www.az-cases.pl\/en\/flight-cases\/#webpage\",\"url\":\"https:\/\/www.az-cases.pl\/en\/flight-cases\/\",\"name\":\"Skrzynie transportowe Fligh Case na wymiar - Az-cases.pl\",\"isPartOf\":{\"@id\":\"https:\/\/www.az-cases.pl\/#website\"},\"datePublished\":\"2019-01-30T09:36:47+00:00\",\"dateModified\":\"2025-03-24T11:12:16+00:00\",\"description\":\"Skrzynie transportowe od lat znajduj\u0105 zastosowanie w przypadku najrozmaitszych bran\u017c. S\u0142u\u017c\u0105 do przechowywania i transportu drogich przedmiot\u00f3w. Zapraszamy\",\"breadcrumb\":{\"@id\":\"https:\/\/www.az-cases.pl\/en\/flight-cases\/#breadcrumb\"},\"inLanguage\":\"en-US\",\"potentialAction\":[{\"@type\":\"ReadAction\",\"target\":[\"https:\/\/www.az-cases.pl\/en\/flight-cases\/\"]}]},{\"@type\":\"BreadcrumbList\",\"@id\":\"https:\/\/www.az-cases.pl\/en\/flight-cases\/#breadcrumb\",\"itemListElement\":[{\"@type\":\"ListItem\",\"position\":1,\"name\":\"Home\",\"item\":\"https:\/\/www.az-cases.pl\/en\/\"},{\"@type\":\"ListItem\",\"position\":2,\"name\":\"Flight cases\"}]}]}<\/script>\n<!-- \/ Yoast SEO plugin. -->","yoast_head_json":{"title":"Skrzynie transportowe Fligh Case na wymiar - Az-cases.pl","description":"Skrzynie transportowe od lat znajduj\u0105 zastosowanie w przypadku najrozmaitszych bran\u017c. S\u0142u\u017c\u0105 do przechowywania i transportu drogich przedmiot\u00f3w. Zapraszamy","robots":{"index":"index","follow":"follow","max-snippet":"max-snippet:-1","max-image-preview":"max-image-preview:large","max-video-preview":"max-video-preview:-1"},"canonical":"https:\/\/www.az-cases.pl\/en\/flight-cases\/","og_locale":"en_US","og_type":"article","og_title":"Skrzynie transportowe Fligh Case na wymiar - Az-cases.pl","og_description":"Skrzynie transportowe od lat znajduj\u0105 zastosowanie w przypadku najrozmaitszych bran\u017c. S\u0142u\u017c\u0105 do przechowywania i transportu drogich przedmiot\u00f3w. Zapraszamy","og_url":"https:\/\/www.az-cases.pl\/en\/flight-cases\/","og_site_name":"Az-cases.pl","article_modified_time":"2025-03-24T11:12:16+00:00","twitter_card":"summary_large_image","twitter_misc":{"Est. reading time":"6 minutes"},"schema":{"@context":"https:\/\/schema.org","@graph":[{"@type":"WebSite","@id":"https:\/\/www.az-cases.pl\/#website","url":"https:\/\/www.az-cases.pl\/","name":"Az-cases.pl","description":"Az-cases.pl","potentialAction":[{"@type":"SearchAction","target":{"@type":"EntryPoint","urlTemplate":"https:\/\/www.az-cases.pl\/?s={search_term_string}"},"query-input":"required name=search_term_string"}],"inLanguage":"en-US"},{"@type":"WebPage","@id":"https:\/\/www.az-cases.pl\/en\/flight-cases\/#webpage","url":"https:\/\/www.az-cases.pl\/en\/flight-cases\/","name":"Skrzynie transportowe Fligh Case na wymiar - Az-cases.pl","isPartOf":{"@id":"https:\/\/www.az-cases.pl\/#website"},"datePublished":"2019-01-30T09:36:47+00:00","dateModified":"2025-03-24T11:12:16+00:00","description":"Skrzynie transportowe od lat znajduj\u0105 zastosowanie w przypadku najrozmaitszych bran\u017c. S\u0142u\u017c\u0105 do przechowywania i transportu drogich przedmiot\u00f3w. Zapraszamy","breadcrumb":{"@id":"https:\/\/www.az-cases.pl\/en\/flight-cases\/#breadcrumb"},"inLanguage":"en-US","potentialAction":[{"@type":"ReadAction","target":["https:\/\/www.az-cases.pl\/en\/flight-cases\/"]}]},{"@type":"BreadcrumbList","@id":"https:\/\/www.az-cases.pl\/en\/flight-cases\/#breadcrumb","itemListElement":[{"@type":"ListItem","position":1,"name":"Home","item":"https:\/\/www.az-cases.pl\/en\/"},{"@type":"ListItem","position":2,"name":"Flight cases"}]}]}},"_links":{"self":[{"href":"https:\/\/www.az-cases.pl\/en\/wp-json\/wp\/v2\/pages\/5843","targetHints":{"allow":["GET"]}}],"collection":[{"href":"https:\/\/www.az-cases.pl\/en\/wp-json\/wp\/v2\/pages"}],"about":[{"href":"https:\/\/www.az-cases.pl\/en\/wp-json\/wp\/v2\/types\/page"}],"author":[{"embeddable":true,"href":"https:\/\/www.az-cases.pl\/en\/wp-json\/wp\/v2\/users\/1"}],"replies":[{"embeddable":true,"href":"https:\/\/www.az-cases.pl\/en\/wp-json\/wp\/v2\/comments?post=5843"}],"version-history":[{"count":9,"href":"https:\/\/www.az-cases.pl\/en\/wp-json\/wp\/v2\/pages\/5843\/revisions"}],"predecessor-version":[{"id":5985,"href":"https:\/\/www.az-cases.pl\/en\/wp-json\/wp\/v2\/pages\/5843\/revisions\/5985"}],"wp:attachment":[{"href":"https:\/\/www.az-cases.pl\/en\/wp-json\/wp\/v2\/media?parent=5843"}],"curies":[{"name":"wp","href":"https:\/\/api.w.org\/{rel}","templated":true}]}}