{"id":5850,"date":"2019-01-30T09:16:44","date_gmt":"2019-01-30T09:16:44","guid":{"rendered":"http:\/\/www.az-cases.pl\/peli-case\/"},"modified":"2019-08-08T08:31:26","modified_gmt":"2019-08-08T08:31:26","slug":"peli-case","status":"publish","type":"page","link":"https:\/\/www.az-cases.pl\/en\/peli-case\/","title":{"rendered":"Peli Case"},"content":{"rendered":"<p>[vc_row full_width=&#8221;stretch_row_content_no_spaces&#8221;][vc_column]<style scoped='scoped'>.mgt-promo-block-81519791.mgt-promo-block.darken .mgt-promo-block-content {background-color: rgba(0,0,0,0.3)!important;}.mgt-promo-block-81519791.mgt-promo-block .mgt-promo-block-content h2 {font-size: 40px;line-height: normal!important;}.mgt-promo-block-81519791.mgt-promo-block .mgt-promo-block-content h2 {margin: 20px!important;}<\/style><div class=\"mgt-promo-block-container wpb_content_element\"><div class=\"mgt-promo-block-wrapper \"><div  class=\" mgt-promo-block white-text cover-image darken mgt-promo-block-81519791\" data-style=\"background-image: url(https:\/\/www.az-cases.pl\/wp-content\/uploads\/2019\/04\/peli-case.jpg);background-repeat: no-repeat;height: 550px;\"><div class=\"mgt-promo-block-content va-middle\"><div class=\"mgt-promo-block-content-inside vc_custom_1565253081010\">\n<h1 style=\"text-align: center;\">Peli Case<\/h1>\n<p>&nbsp;<\/p>\n<h3 style=\"text-align: center;\">If you are interested in our offer, please contact us<\/h3>\n<div class=\"mgt-button-wrapper mgt-button-wrapper-align-center mgt-button-wrapper-display-newline mgt-button-top-margin-true mgt-button-right-margin-false mgt-button-round-edges-small \"><a class=\"btn hvr-float mgt-button-icon-true mgt-button mgt-style-grey mgt-size-normal mgt-align-center mgt-display-newline mgt-text-size-small mgt-button-icon-separator- mgt-button-icon-position-right text-font-weight-default mgt-text-transform-none\" href=\"http:\/\/www.az-cases.pl\/en\/contact\/\" target=\"_blank\">Contact<i class=\"entypo-icon entypo-icon-right-open-mini\"><\/i><\/a><\/div><\/div><\/div><\/div><\/div><\/div>[\/vc_column][\/vc_row][vc_row][vc_column][vc_empty_space][\/vc_column][\/vc_row][vc_row full_height=&#8221;yes&#8221; equal_height=&#8221;yes&#8221; content_placement=&#8221;middle&#8221; row_onepage_id=&#8221;#o-nas&#8221; css=&#8221;.vc_custom_1544182726849{margin-top: 0px !important;padding-top: 20px !important;padding-bottom: 50px !important;}&#8221;][vc_column]<div class=\"mgt-header-block clearfix text-center text-black wpb_animate_when_almost_visible wpb_fadeInDown fadeInDown wpb_content_element  mgt-header-block-style-2 mgt-header-block-fontsize-medium mgt-header-texttransform-subheader mgt-header-block-28965446 \"><h2 class=\"mgt-header-block-title text-font-weight-default\">WHAT ARE PELI CASES?<\/h2><div class=\"mgt-header-line mgt-header-line-margin-small\"><\/div><\/div><style scoped='scoped'>.mgt-header-block-28965446.mgt-header-block .mgt-header-line {background-color: #efefef!important;}<\/style>[vc_row_inner equal_height=&#8221;yes&#8221; content_placement=&#8221;middle&#8221; css=&#8221;.vc_custom_1544180659021{margin-bottom: 0px !important;padding-right: 2% !important;padding-left: 2% !important;}&#8221;][vc_column_inner width=&#8221;1\/2&#8243; css=&#8221;.vc_custom_1544180136903{padding-top: 80px !important;padding-right: 80px !important;}&#8221;][vc_column_text css_animation=&#8221;none&#8221; el_class=&#8221;text-size-medium&#8221;]The transport of expensive and easily damaged objects is always problematic. We can secure them in various ways during transport. The type of security we choose is largely dependent on the worth these objects have. In the case of really valuable objects, it is worth to rely on <strong>peli cases<\/strong>. They ensure maximum content protection &#8211; they are waterproof and dustproof, which is why they will work in any, even the most extreme conditions.[\/vc_column_text][\/vc_column_inner][vc_column_inner width=&#8221;1\/2&#8243; css=&#8221;.vc_custom_1544180165869{padding-top: 80px !important;}&#8221;][vc_single_image image=&#8221;5487&#8243; img_size=&#8221;full&#8221;][\/vc_column_inner][\/vc_row_inner]<div class=\"mgt-header-block clearfix text-center text-black wpb_animate_when_almost_visible wpb_fadeInDown fadeInDown wpb_content_element  mgt-header-block-style-2 mgt-header-block-fontsize-medium mgt-header-texttransform-subheader mgt-header-block-45275483 \"><h2 class=\"mgt-header-block-title text-font-weight-default\">TAILORED TO YOUR NEEDS<\/h2><div class=\"mgt-header-line mgt-header-line-margin-small\"><\/div><\/div><style scoped='scoped'>.mgt-header-block-45275483.mgt-header-block .mgt-header-line {background-color: #efefef!important;}<\/style>[vc_row_inner equal_height=&#8221;yes&#8221; content_placement=&#8221;middle&#8221; css=&#8221;.vc_custom_1544182732417{margin-top: 0px !important;padding-right: 2% !important;padding-left: 2% !important;}&#8221;][vc_column_inner width=&#8221;1\/2&#8243; css=&#8221;.vc_custom_1544180165869{padding-top: 80px !important;}&#8221;][vc_single_image image=&#8221;5488&#8243; img_size=&#8221;full&#8221;][\/vc_column_inner][vc_column_inner width=&#8221;1\/2&#8243; css=&#8221;.vc_custom_1544180190255{padding-top: 80px !important;padding-left: 80px !important;}&#8221;][vc_column_text css_animation=&#8221;none&#8221; el_class=&#8221;text-size-medium&#8221;]AZ Cases Studio offers the execution and implementation of peli cases to size. Depending on the goods being transported, we can choose the right materials for the case production to make it solid, and the filling cushions the contents during transport- all this while maintaining maximum lightness and convenient transfer. We are sure that more than twenty years of experience in producing transport cases will allow us to make a quality and reliable peli case.[\/vc_column_text][\/vc_column_inner][\/vc_row_inner][\/vc_column][\/vc_row][vc_row][vc_column][vc_empty_space][\/vc_column][\/vc_row][vc_row][vc_column]<div class=\"mgt-header-block clearfix text-center text-black wpb_animate_when_almost_visible wpb_fadeInDown fadeInDown wpb_content_element  mgt-header-block-style-2 mgt-header-block-fontsize-medium mgt-header-texttransform-subheader mgt-header-block-32942866 \"><h2 class=\"mgt-header-block-title text-font-weight-default\">DOWNLOAD PELI CASES CATALOGUES<\/h2><div class=\"mgt-header-line mgt-header-line-margin-small\"><\/div><\/div><style scoped='scoped'>.mgt-header-block-32942866.mgt-header-block .mgt-header-line {background-color: #efefef!important;}<\/style>[vc_row_inner][vc_column_inner width=&#8221;1\/3&#8243;]<div class=\"mgt-icon-box wpb_content_element mgt-icon-box-top mgt-icon-box-icon-size-normal mgt-icon-font text-black \"><h5 class=\"text-font-weight-bold\"><\/h5><div class=\"mgt-icon-box-icon \"><i class=\"mgt-font-icon fa fa-download\"><\/i><\/div><div class=\"mgt-icon-box-content\"><a href=\"https:\/\/www.az-cases.pl\/wp-content\/uploads\/2019\/01\/katalog-skrzynie-peli.pdf\">Katalog skrzynie PELI<\/a><\/div><div class=\"clearfix\"><\/div><\/div><div class=\"mgt-icon-box wpb_content_element mgt-icon-box-top mgt-icon-box-icon-size-normal mgt-icon-font text-black \"><h5 class=\"text-font-weight-bold\"><\/h5><div class=\"mgt-icon-box-icon \"><i class=\"mgt-font-icon fa fa-download\"><\/i><\/div><div class=\"mgt-icon-box-content\"><a href=\"https:\/\/www.az-cases.pl\/wp-content\/uploads\/2019\/01\/katalog-skrzynie-peli-storm.pdf\">Katalog skrzynie PELI STORM<\/a><\/div><div class=\"clearfix\"><\/div><\/div>[\/vc_column_inner][vc_column_inner width=&#8221;1\/3&#8243;]<div class=\"mgt-icon-box wpb_content_element mgt-icon-box-top mgt-icon-box-icon-size-normal mgt-icon-font text-black \"><h5 class=\"text-font-weight-bold\"><\/h5><div class=\"mgt-icon-box-icon \"><i class=\"mgt-font-icon fa fa-download\"><\/i><\/div><div class=\"mgt-icon-box-content\"><a href=\"https:\/\/www.az-cases.pl\/wp-content\/uploads\/2019\/01\/katalog-skrzynie-peli-air.pdf\">Katalog skrzynie PELI AIR<\/a><\/div><div class=\"clearfix\"><\/div><\/div><div class=\"mgt-icon-box wpb_content_element mgt-icon-box-top mgt-icon-box-icon-size-normal mgt-icon-font text-black \"><h5 class=\"text-font-weight-bold\"><\/h5><div class=\"mgt-icon-box-icon \"><i class=\"mgt-font-icon fa fa-download\"><\/i><\/div><div class=\"mgt-icon-box-content\"><a href=\"https:\/\/www.az-cases.pl\/wp-content\/uploads\/2019\/01\/katalog-skrzynie-peli-rack.pdf\">Katalog skrzynie PELI RACK<\/a><\/div><div class=\"clearfix\"><\/div><\/div>[\/vc_column_inner][vc_column_inner width=&#8221;1\/3&#8243;]<div class=\"mgt-icon-box wpb_content_element mgt-icon-box-top mgt-icon-box-icon-size-normal mgt-icon-font text-black \"><h5 class=\"text-font-weight-bold\"><\/h5><div class=\"mgt-icon-box-icon \"><i class=\"mgt-font-icon fa fa-download\"><\/i><\/div><div class=\"mgt-icon-box-content\"><a href=\"https:\/\/www.az-cases.pl\/wp-content\/uploads\/2019\/01\/katalog-skrzynie-peli-isp.pdf\">Katalog skrzynie PELI ISP2<\/a><\/div><div class=\"clearfix\"><\/div><\/div>[\/vc_column_inner][\/vc_row_inner][\/vc_column][\/vc_row][vc_row][vc_column][vc_empty_space][\/vc_column][\/vc_row][vc_row full_width=&#8221;stretch_row&#8221; css_animation=&#8221;none&#8221; css=&#8221;.vc_custom_1545140106211{border-top-width: 1px !important;background-color: #f8f8f8 !important;background-position: 0 0 !important;background-repeat: repeat !important;border-top-color: #e6e6e6 !important;border-top-style: solid !important;border-radius: 1px !important;}&#8221;][vc_column]<div  class=\" mgt-cta-block clearfix black-text without-text wpb_content_element\" data-style=\"background-color: ;\"><div class=\"mgt-cta-content-wrapper\"><h5 class=\"mgt-cta-block-header\">Please contact us<\/h5><\/div><div class=\"mgt-button-wrapper mgt-button-wrapper-align-right mgt-button-wrapper-display-newline mgt-button-top-margin-false mgt-button-right-margin-false mgt-button-round-edges-small \"><a class=\"btn hvr-float mgt-button-icon-true mgt-button mgt-style-borderedgrey mgt-size-normal mgt-align-right mgt-display-newline mgt-text-size-normal mgt-button-icon-separator- mgt-button-icon-position-right text-font-weight-default mgt-text-transform-none\" href=\"http:\/\/www.az-cases.pl\/en\/contact\/\">Contact<i class=\"entypo-icon entypo-icon-right-open\"><\/i><\/a><\/div><\/div>[\/vc_column][\/vc_row]<\/p>\n","protected":false},"excerpt":{"rendered":"<p>[vc_row full_width=&#8221;stretch_row_content_no_spaces&#8221;][vc_column][\/vc_column][\/vc_row][vc_row][vc_column][vc_empty_space][\/vc_column][\/vc_row][vc_row full_height=&#8221;yes&#8221; equal_height=&#8221;yes&#8221; content_placement=&#8221;middle&#8221; row_onepage_id=&#8221;#o-nas&#8221; css=&#8221;.vc_custom_1544182726849{margin-top: 0px !important;padding-top: 20px !important;padding-bottom: 50px !important;}&#8221;][vc_column][vc_row_inner equal_height=&#8221;yes&#8221; content_placement=&#8221;middle&#8221; css=&#8221;.vc_custom_1544180659021{margin-bottom: 0px !important;padding-right: 2% !important;padding-left: 2% !important;}&#8221;][vc_column_inner width=&#8221;1\/2&#8243; css=&#8221;.vc_custom_1544180136903{padding-top: 80px !important;padding-right: 80px !important;}&#8221;][vc_column_text css_animation=&#8221;none&#8221; el_class=&#8221;text-size-medium&#8221;]The&#8230;<\/p>\n","protected":false},"author":1,"featured_media":0,"parent":0,"menu_order":0,"comment_status":"closed","ping_status":"closed","template":"","meta":{"footnotes":""},"class_list":["post-5850","page","type-page","status-publish","hentry"],"yoast_head":"<!-- This site is optimized with the Yoast SEO plugin v18.0 - https:\/\/yoast.com\/wordpress\/plugins\/seo\/ -->\n<title>Peli Case - producent skrzy\u0144 Peli Case - Az-cases.pl<\/title>\n<meta name=\"description\" content=\"W przypadku naprawd\u0119 cennych rzeczy warto jest zda\u0107 si\u0119 na skrzynie peli case. Zapewniaj\u0105 one maksymaln\u0105 ochron\u0119 zawarto\u015bci\" \/>\n<meta name=\"robots\" content=\"index, follow, max-snippet:-1, max-image-preview:large, max-video-preview:-1\" \/>\n<link rel=\"canonical\" href=\"https:\/\/www.az-cases.pl\/en\/peli-case\/\" \/>\n<meta property=\"og:locale\" content=\"en_US\" \/>\n<meta property=\"og:type\" content=\"article\" \/>\n<meta property=\"og:title\" content=\"Peli Case - producent skrzy\u0144 Peli Case - Az-cases.pl\" \/>\n<meta property=\"og:description\" content=\"W przypadku naprawd\u0119 cennych rzeczy warto jest zda\u0107 si\u0119 na skrzynie peli case. Zapewniaj\u0105 one maksymaln\u0105 ochron\u0119 zawarto\u015bci\" \/>\n<meta property=\"og:url\" content=\"https:\/\/www.az-cases.pl\/en\/peli-case\/\" \/>\n<meta property=\"og:site_name\" content=\"Az-cases.pl\" \/>\n<meta property=\"article:modified_time\" content=\"2019-08-08T08:31:26+00:00\" \/>\n<meta name=\"twitter:card\" content=\"summary_large_image\" \/>\n<meta name=\"twitter:label1\" content=\"Est. reading time\" \/>\n\t<meta name=\"twitter:data1\" content=\"4 minutes\" \/>\n<script type=\"application\/ld+json\" class=\"yoast-schema-graph\">{\"@context\":\"https:\/\/schema.org\",\"@graph\":[{\"@type\":\"WebSite\",\"@id\":\"https:\/\/www.az-cases.pl\/#website\",\"url\":\"https:\/\/www.az-cases.pl\/\",\"name\":\"Az-cases.pl\",\"description\":\"Az-cases.pl\",\"potentialAction\":[{\"@type\":\"SearchAction\",\"target\":{\"@type\":\"EntryPoint\",\"urlTemplate\":\"https:\/\/www.az-cases.pl\/?s={search_term_string}\"},\"query-input\":\"required name=search_term_string\"}],\"inLanguage\":\"en-US\"},{\"@type\":\"WebPage\",\"@id\":\"https:\/\/www.az-cases.pl\/en\/peli-case\/#webpage\",\"url\":\"https:\/\/www.az-cases.pl\/en\/peli-case\/\",\"name\":\"Peli Case - producent skrzy\u0144 Peli Case - Az-cases.pl\",\"isPartOf\":{\"@id\":\"https:\/\/www.az-cases.pl\/#website\"},\"datePublished\":\"2019-01-30T09:16:44+00:00\",\"dateModified\":\"2019-08-08T08:31:26+00:00\",\"description\":\"W przypadku naprawd\u0119 cennych rzeczy warto jest zda\u0107 si\u0119 na skrzynie peli case. Zapewniaj\u0105 one maksymaln\u0105 ochron\u0119 zawarto\u015bci\",\"breadcrumb\":{\"@id\":\"https:\/\/www.az-cases.pl\/en\/peli-case\/#breadcrumb\"},\"inLanguage\":\"en-US\",\"potentialAction\":[{\"@type\":\"ReadAction\",\"target\":[\"https:\/\/www.az-cases.pl\/en\/peli-case\/\"]}]},{\"@type\":\"BreadcrumbList\",\"@id\":\"https:\/\/www.az-cases.pl\/en\/peli-case\/#breadcrumb\",\"itemListElement\":[{\"@type\":\"ListItem\",\"position\":1,\"name\":\"Home\",\"item\":\"https:\/\/www.az-cases.pl\/en\/\"},{\"@type\":\"ListItem\",\"position\":2,\"name\":\"Peli Case\"}]}]}<\/script>\n<!-- \/ Yoast SEO plugin. -->","yoast_head_json":{"title":"Peli Case - producent skrzy\u0144 Peli Case - Az-cases.pl","description":"W przypadku naprawd\u0119 cennych rzeczy warto jest zda\u0107 si\u0119 na skrzynie peli case. Zapewniaj\u0105 one maksymaln\u0105 ochron\u0119 zawarto\u015bci","robots":{"index":"index","follow":"follow","max-snippet":"max-snippet:-1","max-image-preview":"max-image-preview:large","max-video-preview":"max-video-preview:-1"},"canonical":"https:\/\/www.az-cases.pl\/en\/peli-case\/","og_locale":"en_US","og_type":"article","og_title":"Peli Case - producent skrzy\u0144 Peli Case - Az-cases.pl","og_description":"W przypadku naprawd\u0119 cennych rzeczy warto jest zda\u0107 si\u0119 na skrzynie peli case. Zapewniaj\u0105 one maksymaln\u0105 ochron\u0119 zawarto\u015bci","og_url":"https:\/\/www.az-cases.pl\/en\/peli-case\/","og_site_name":"Az-cases.pl","article_modified_time":"2019-08-08T08:31:26+00:00","twitter_card":"summary_large_image","twitter_misc":{"Est. reading time":"4 minutes"},"schema":{"@context":"https:\/\/schema.org","@graph":[{"@type":"WebSite","@id":"https:\/\/www.az-cases.pl\/#website","url":"https:\/\/www.az-cases.pl\/","name":"Az-cases.pl","description":"Az-cases.pl","potentialAction":[{"@type":"SearchAction","target":{"@type":"EntryPoint","urlTemplate":"https:\/\/www.az-cases.pl\/?s={search_term_string}"},"query-input":"required name=search_term_string"}],"inLanguage":"en-US"},{"@type":"WebPage","@id":"https:\/\/www.az-cases.pl\/en\/peli-case\/#webpage","url":"https:\/\/www.az-cases.pl\/en\/peli-case\/","name":"Peli Case - producent skrzy\u0144 Peli Case - Az-cases.pl","isPartOf":{"@id":"https:\/\/www.az-cases.pl\/#website"},"datePublished":"2019-01-30T09:16:44+00:00","dateModified":"2019-08-08T08:31:26+00:00","description":"W przypadku naprawd\u0119 cennych rzeczy warto jest zda\u0107 si\u0119 na skrzynie peli case. Zapewniaj\u0105 one maksymaln\u0105 ochron\u0119 zawarto\u015bci","breadcrumb":{"@id":"https:\/\/www.az-cases.pl\/en\/peli-case\/#breadcrumb"},"inLanguage":"en-US","potentialAction":[{"@type":"ReadAction","target":["https:\/\/www.az-cases.pl\/en\/peli-case\/"]}]},{"@type":"BreadcrumbList","@id":"https:\/\/www.az-cases.pl\/en\/peli-case\/#breadcrumb","itemListElement":[{"@type":"ListItem","position":1,"name":"Home","item":"https:\/\/www.az-cases.pl\/en\/"},{"@type":"ListItem","position":2,"name":"Peli Case"}]}]}},"_links":{"self":[{"href":"https:\/\/www.az-cases.pl\/en\/wp-json\/wp\/v2\/pages\/5850","targetHints":{"allow":["GET"]}}],"collection":[{"href":"https:\/\/www.az-cases.pl\/en\/wp-json\/wp\/v2\/pages"}],"about":[{"href":"https:\/\/www.az-cases.pl\/en\/wp-json\/wp\/v2\/types\/page"}],"author":[{"embeddable":true,"href":"https:\/\/www.az-cases.pl\/en\/wp-json\/wp\/v2\/users\/1"}],"replies":[{"embeddable":true,"href":"https:\/\/www.az-cases.pl\/en\/wp-json\/wp\/v2\/comments?post=5850"}],"version-history":[{"count":4,"href":"https:\/\/www.az-cases.pl\/en\/wp-json\/wp\/v2\/pages\/5850\/revisions"}],"predecessor-version":[{"id":5984,"href":"https:\/\/www.az-cases.pl\/en\/wp-json\/wp\/v2\/pages\/5850\/revisions\/5984"}],"wp:attachment":[{"href":"https:\/\/www.az-cases.pl\/en\/wp-json\/wp\/v2\/media?parent=5850"}],"curies":[{"name":"wp","href":"https:\/\/api.w.org\/{rel}","templated":true}]}}