{"id":5854,"date":"2019-01-30T10:28:53","date_gmt":"2019-01-30T10:28:53","guid":{"rendered":"http:\/\/www.az-cases.pl\/uslugi-cnc\/"},"modified":"2019-08-08T08:11:12","modified_gmt":"2019-08-08T08:11:12","slug":"cnc-services","status":"publish","type":"page","link":"https:\/\/www.az-cases.pl\/en\/cnc-services\/","title":{"rendered":"CNC services"},"content":{"rendered":"<p>[vc_row full_width=&#8221;stretch_row_content_no_spaces&#8221;][vc_column]<style scoped='scoped'>.mgt-promo-block-69328027.mgt-promo-block.darken .mgt-promo-block-content {background-color: rgba(0,0,0,0.3)!important;}.mgt-promo-block-69328027.mgt-promo-block .mgt-promo-block-content h2 {font-size: 40px;line-height: normal!important;}.mgt-promo-block-69328027.mgt-promo-block .mgt-promo-block-content h2 {margin: 20px!important;}<\/style><div class=\"mgt-promo-block-container wpb_content_element\"><div class=\"mgt-promo-block-wrapper \"><div  class=\" mgt-promo-block white-text cover-image darken mgt-promo-block-69328027\" data-style=\"background-image: url(https:\/\/www.az-cases.pl\/wp-content\/uploads\/2019\/01\/ciecie-cnc-blackwhite.jpg);background-repeat: no-repeat;height: 550px;\"><div class=\"mgt-promo-block-content va-middle\"><div class=\"mgt-promo-block-content-inside vc_custom_1565251810160\">\n<h1 style=\"text-align: center;\">CNC Services<\/h1>\n<p>&nbsp;<\/p>\n<h3 style=\"text-align: center;\">If you are interested in our offer, please contact us<\/h3>\n<div class=\"mgt-button-wrapper mgt-button-wrapper-align-center mgt-button-wrapper-display-newline mgt-button-top-margin-true mgt-button-right-margin-false mgt-button-round-edges-small \"><a class=\"btn hvr-float mgt-button-icon-true mgt-button mgt-style-grey mgt-size-normal mgt-align-center mgt-display-newline mgt-text-size-small mgt-button-icon-separator- mgt-button-icon-position-right text-font-weight-default mgt-text-transform-none\" href=\"http:\/\/www.az-cases.pl\/en\/contact\/\" target=\"_blank\">Contact<i class=\"entypo-icon entypo-icon-right-open-mini\"><\/i><\/a><\/div><\/div><\/div><\/div><\/div><\/div>[\/vc_column][\/vc_row][vc_row][vc_column][vc_empty_space][\/vc_column][\/vc_row][vc_row full_height=&#8221;yes&#8221; equal_height=&#8221;yes&#8221; content_placement=&#8221;middle&#8221; row_onepage_id=&#8221;#o-nas&#8221; css=&#8221;.vc_custom_1544182726849{margin-top: 0px !important;padding-top: 20px !important;padding-bottom: 50px !important;}&#8221;][vc_column]<div class=\"mgt-header-block clearfix text-center text-black wpb_animate_when_almost_visible wpb_fadeInDown fadeInDown wpb_content_element  mgt-header-block-style-2 mgt-header-block-fontsize-medium mgt-header-texttransform-subheader mgt-header-block-82515619 \"><h2 class=\"mgt-header-block-title text-font-weight-default\">CNC SERVICES<\/h2><div class=\"mgt-header-line mgt-header-line-margin-small\"><\/div><\/div><style scoped='scoped'>.mgt-header-block-82515619.mgt-header-block .mgt-header-line {background-color: #efefef!important;}<\/style>[vc_row_inner equal_height=&#8221;yes&#8221; content_placement=&#8221;middle&#8221; css=&#8221;.vc_custom_1544180659021{margin-bottom: 0px !important;padding-right: 2% !important;padding-left: 2% !important;}&#8221;][vc_column_inner width=&#8221;1\/2&#8243; css=&#8221;.vc_custom_1544180136903{padding-top: 80px !important;padding-right: 80px !important;}&#8221;][vc_column_text css_animation=&#8221;none&#8221; el_class=&#8221;text-size-medium&#8221;]Although our domain is to create transport cases, our offer also includes CNC services. This is an advanced machining technology that allows you to obtain logos, information boards and other similar products. Thanks to specialized computer software we are able to reproduce models in both 2D and 3D. Our range of CNC services includes, e.g. milling, engraving, threading and turning. We provide engraving and cutting on various materials.[\/vc_column_text][\/vc_column_inner][vc_column_inner width=&#8221;1\/2&#8243; css=&#8221;.vc_custom_1544180165869{padding-top: 80px !important;}&#8221;][vc_single_image image=&#8221;5490&#8243; img_size=&#8221;full&#8221;][\/vc_column_inner][\/vc_row_inner]<div class=\"mgt-header-block clearfix text-center text-black wpb_animate_when_almost_visible wpb_fadeInDown fadeInDown wpb_content_element  mgt-header-block-style-2 mgt-header-block-fontsize-medium mgt-header-texttransform-subheader mgt-header-block-36390161 \"><h2 class=\"mgt-header-block-title text-font-weight-default\">PRECISION ABOVE ALL<\/h2><div class=\"mgt-header-line mgt-header-line-margin-small\"><\/div><\/div><style scoped='scoped'>.mgt-header-block-36390161.mgt-header-block .mgt-header-line {background-color: #efefef!important;}<\/style>[vc_row_inner equal_height=&#8221;yes&#8221; content_placement=&#8221;middle&#8221; css=&#8221;.vc_custom_1544182732417{margin-top: 0px !important;padding-right: 2% !important;padding-left: 2% !important;}&#8221;][vc_column_inner width=&#8221;1\/2&#8243; css=&#8221;.vc_custom_1544180165869{padding-top: 80px !important;}&#8221;][vc_single_image image=&#8221;5491&#8243; img_size=&#8221;full&#8221;][\/vc_column_inner][vc_column_inner width=&#8221;1\/2&#8243; css=&#8221;.vc_custom_1544180190255{padding-top: 80px !important;padding-left: 80px !important;}&#8221;][vc_column_text css_animation=&#8221;none&#8221; el_class=&#8221;text-size-medium&#8221;]Each order is treated individually, we set the technical specification of the product together with the customer and provide advice. For our order executions, we use the highest quality materials to ensure products durability. We constantly invest in modern technologies and modernize the machine park to offer our clients CNC services in line with their needs. Contact us. We are convinced that our projects will meet your expectations.[\/vc_column_text][\/vc_column_inner][\/vc_row_inner][\/vc_column][\/vc_row][vc_row][vc_column][vc_empty_space][\/vc_column][\/vc_row][vc_row full_width=&#8221;stretch_row&#8221; css_animation=&#8221;none&#8221; css=&#8221;.vc_custom_1545140106211{border-top-width: 1px !important;background-color: #f8f8f8 !important;background-position: 0 0 !important;background-repeat: repeat !important;border-top-color: #e6e6e6 !important;border-top-style: solid !important;border-radius: 1px !important;}&#8221;][vc_column]<div  class=\" mgt-cta-block clearfix black-text without-text wpb_content_element\" data-style=\"background-color: ;\"><div class=\"mgt-cta-content-wrapper\"><h5 class=\"mgt-cta-block-header\">Please contact us<\/h5><\/div><div class=\"mgt-button-wrapper mgt-button-wrapper-align-right mgt-button-wrapper-display-newline mgt-button-top-margin-false mgt-button-right-margin-false mgt-button-round-edges-small \"><a class=\"btn hvr-float mgt-button-icon-true mgt-button mgt-style-borderedgrey mgt-size-normal mgt-align-right mgt-display-newline mgt-text-size-normal mgt-button-icon-separator- mgt-button-icon-position-right text-font-weight-default mgt-text-transform-none\" href=\"http:\/\/www.az-cases.pl\/en\/contact\/\">Contact<i class=\"entypo-icon entypo-icon-right-open\"><\/i><\/a><\/div><\/div>[\/vc_column][\/vc_row]<\/p>\n","protected":false},"excerpt":{"rendered":"<p>[vc_row full_width=&#8221;stretch_row_content_no_spaces&#8221;][vc_column][\/vc_column][\/vc_row][vc_row][vc_column][vc_empty_space][\/vc_column][\/vc_row][vc_row full_height=&#8221;yes&#8221; equal_height=&#8221;yes&#8221; content_placement=&#8221;middle&#8221; row_onepage_id=&#8221;#o-nas&#8221; css=&#8221;.vc_custom_1544182726849{margin-top: 0px !important;padding-top: 20px !important;padding-bottom: 50px !important;}&#8221;][vc_column][vc_row_inner equal_height=&#8221;yes&#8221; content_placement=&#8221;middle&#8221; css=&#8221;.vc_custom_1544180659021{margin-bottom: 0px !important;padding-right: 2% !important;padding-left: 2% !important;}&#8221;][vc_column_inner width=&#8221;1\/2&#8243; css=&#8221;.vc_custom_1544180136903{padding-top: 80px !important;padding-right: 80px !important;}&#8221;][vc_column_text css_animation=&#8221;none&#8221; el_class=&#8221;text-size-medium&#8221;]Although&#8230;<\/p>\n","protected":false},"author":1,"featured_media":0,"parent":0,"menu_order":0,"comment_status":"closed","ping_status":"closed","template":"","meta":{"footnotes":""},"class_list":["post-5854","page","type-page","status-publish","hentry"],"yoast_head":"<!-- This site is optimized with the Yoast SEO plugin v18.0 - https:\/\/yoast.com\/wordpress\/plugins\/seo\/ -->\n<title>Us\u0142ugi CNC - ci\u0119cie wod\u0105, frezowanie, wycinanie - Az Cases | Warszawa<\/title>\n<meta name=\"description\" content=\"Us\u0142ug CNC m.in. frezowanie, grawerowanie, gwintowanie i toczenie. Podejmujemy si\u0119 grawerowania i ci\u0119cia na najr\u00f3\u017cniejszych tworzywach. Zapraszamy\" \/>\n<meta name=\"robots\" content=\"index, follow, max-snippet:-1, max-image-preview:large, max-video-preview:-1\" \/>\n<link rel=\"canonical\" href=\"https:\/\/www.az-cases.pl\/en\/cnc-services\/\" \/>\n<meta property=\"og:locale\" content=\"en_US\" \/>\n<meta property=\"og:type\" content=\"article\" \/>\n<meta property=\"og:title\" content=\"Us\u0142ugi CNC - ci\u0119cie wod\u0105, frezowanie, wycinanie - Az Cases | Warszawa\" \/>\n<meta property=\"og:description\" content=\"Us\u0142ug CNC m.in. frezowanie, grawerowanie, gwintowanie i toczenie. Podejmujemy si\u0119 grawerowania i ci\u0119cia na najr\u00f3\u017cniejszych tworzywach. Zapraszamy\" \/>\n<meta property=\"og:url\" content=\"https:\/\/www.az-cases.pl\/en\/cnc-services\/\" \/>\n<meta property=\"og:site_name\" content=\"Az-cases.pl\" \/>\n<meta property=\"article:modified_time\" content=\"2019-08-08T08:11:12+00:00\" \/>\n<meta name=\"twitter:card\" content=\"summary_large_image\" \/>\n<meta name=\"twitter:label1\" content=\"Est. reading time\" \/>\n\t<meta name=\"twitter:data1\" content=\"3 minutes\" \/>\n<script type=\"application\/ld+json\" class=\"yoast-schema-graph\">{\"@context\":\"https:\/\/schema.org\",\"@graph\":[{\"@type\":\"WebSite\",\"@id\":\"https:\/\/www.az-cases.pl\/#website\",\"url\":\"https:\/\/www.az-cases.pl\/\",\"name\":\"Az-cases.pl\",\"description\":\"Az-cases.pl\",\"potentialAction\":[{\"@type\":\"SearchAction\",\"target\":{\"@type\":\"EntryPoint\",\"urlTemplate\":\"https:\/\/www.az-cases.pl\/?s={search_term_string}\"},\"query-input\":\"required name=search_term_string\"}],\"inLanguage\":\"en-US\"},{\"@type\":\"WebPage\",\"@id\":\"https:\/\/www.az-cases.pl\/en\/cnc-services\/#webpage\",\"url\":\"https:\/\/www.az-cases.pl\/en\/cnc-services\/\",\"name\":\"Us\u0142ugi CNC - ci\u0119cie wod\u0105, frezowanie, wycinanie - Az Cases | Warszawa\",\"isPartOf\":{\"@id\":\"https:\/\/www.az-cases.pl\/#website\"},\"datePublished\":\"2019-01-30T10:28:53+00:00\",\"dateModified\":\"2019-08-08T08:11:12+00:00\",\"description\":\"Us\u0142ug CNC m.in. frezowanie, grawerowanie, gwintowanie i toczenie. Podejmujemy si\u0119 grawerowania i ci\u0119cia na najr\u00f3\u017cniejszych tworzywach. Zapraszamy\",\"breadcrumb\":{\"@id\":\"https:\/\/www.az-cases.pl\/en\/cnc-services\/#breadcrumb\"},\"inLanguage\":\"en-US\",\"potentialAction\":[{\"@type\":\"ReadAction\",\"target\":[\"https:\/\/www.az-cases.pl\/en\/cnc-services\/\"]}]},{\"@type\":\"BreadcrumbList\",\"@id\":\"https:\/\/www.az-cases.pl\/en\/cnc-services\/#breadcrumb\",\"itemListElement\":[{\"@type\":\"ListItem\",\"position\":1,\"name\":\"Home\",\"item\":\"https:\/\/www.az-cases.pl\/en\/\"},{\"@type\":\"ListItem\",\"position\":2,\"name\":\"CNC services\"}]}]}<\/script>\n<!-- \/ Yoast SEO plugin. -->","yoast_head_json":{"title":"Us\u0142ugi CNC - ci\u0119cie wod\u0105, frezowanie, wycinanie - Az Cases | Warszawa","description":"Us\u0142ug CNC m.in. frezowanie, grawerowanie, gwintowanie i toczenie. Podejmujemy si\u0119 grawerowania i ci\u0119cia na najr\u00f3\u017cniejszych tworzywach. Zapraszamy","robots":{"index":"index","follow":"follow","max-snippet":"max-snippet:-1","max-image-preview":"max-image-preview:large","max-video-preview":"max-video-preview:-1"},"canonical":"https:\/\/www.az-cases.pl\/en\/cnc-services\/","og_locale":"en_US","og_type":"article","og_title":"Us\u0142ugi CNC - ci\u0119cie wod\u0105, frezowanie, wycinanie - Az Cases | Warszawa","og_description":"Us\u0142ug CNC m.in. frezowanie, grawerowanie, gwintowanie i toczenie. Podejmujemy si\u0119 grawerowania i ci\u0119cia na najr\u00f3\u017cniejszych tworzywach. Zapraszamy","og_url":"https:\/\/www.az-cases.pl\/en\/cnc-services\/","og_site_name":"Az-cases.pl","article_modified_time":"2019-08-08T08:11:12+00:00","twitter_card":"summary_large_image","twitter_misc":{"Est. reading time":"3 minutes"},"schema":{"@context":"https:\/\/schema.org","@graph":[{"@type":"WebSite","@id":"https:\/\/www.az-cases.pl\/#website","url":"https:\/\/www.az-cases.pl\/","name":"Az-cases.pl","description":"Az-cases.pl","potentialAction":[{"@type":"SearchAction","target":{"@type":"EntryPoint","urlTemplate":"https:\/\/www.az-cases.pl\/?s={search_term_string}"},"query-input":"required name=search_term_string"}],"inLanguage":"en-US"},{"@type":"WebPage","@id":"https:\/\/www.az-cases.pl\/en\/cnc-services\/#webpage","url":"https:\/\/www.az-cases.pl\/en\/cnc-services\/","name":"Us\u0142ugi CNC - ci\u0119cie wod\u0105, frezowanie, wycinanie - Az Cases | Warszawa","isPartOf":{"@id":"https:\/\/www.az-cases.pl\/#website"},"datePublished":"2019-01-30T10:28:53+00:00","dateModified":"2019-08-08T08:11:12+00:00","description":"Us\u0142ug CNC m.in. frezowanie, grawerowanie, gwintowanie i toczenie. Podejmujemy si\u0119 grawerowania i ci\u0119cia na najr\u00f3\u017cniejszych tworzywach. Zapraszamy","breadcrumb":{"@id":"https:\/\/www.az-cases.pl\/en\/cnc-services\/#breadcrumb"},"inLanguage":"en-US","potentialAction":[{"@type":"ReadAction","target":["https:\/\/www.az-cases.pl\/en\/cnc-services\/"]}]},{"@type":"BreadcrumbList","@id":"https:\/\/www.az-cases.pl\/en\/cnc-services\/#breadcrumb","itemListElement":[{"@type":"ListItem","position":1,"name":"Home","item":"https:\/\/www.az-cases.pl\/en\/"},{"@type":"ListItem","position":2,"name":"CNC services"}]}]}},"_links":{"self":[{"href":"https:\/\/www.az-cases.pl\/en\/wp-json\/wp\/v2\/pages\/5854","targetHints":{"allow":["GET"]}}],"collection":[{"href":"https:\/\/www.az-cases.pl\/en\/wp-json\/wp\/v2\/pages"}],"about":[{"href":"https:\/\/www.az-cases.pl\/en\/wp-json\/wp\/v2\/types\/page"}],"author":[{"embeddable":true,"href":"https:\/\/www.az-cases.pl\/en\/wp-json\/wp\/v2\/users\/1"}],"replies":[{"embeddable":true,"href":"https:\/\/www.az-cases.pl\/en\/wp-json\/wp\/v2\/comments?post=5854"}],"version-history":[{"count":4,"href":"https:\/\/www.az-cases.pl\/en\/wp-json\/wp\/v2\/pages\/5854\/revisions"}],"predecessor-version":[{"id":5976,"href":"https:\/\/www.az-cases.pl\/en\/wp-json\/wp\/v2\/pages\/5854\/revisions\/5976"}],"wp:attachment":[{"href":"https:\/\/www.az-cases.pl\/en\/wp-json\/wp\/v2\/media?parent=5854"}],"curies":[{"name":"wp","href":"https:\/\/api.w.org\/{rel}","templated":true}]}}