{"id":5885,"date":"2019-01-30T09:01:13","date_gmt":"2019-01-30T09:01:13","guid":{"rendered":"http:\/\/www.az-cases.pl\/flight-cases\/skrzynie-na-instrumenty-muzyczne\/"},"modified":"2019-08-08T07:57:31","modified_gmt":"2019-08-08T07:57:31","slug":"musical-instruments","status":"publish","type":"page","link":"https:\/\/www.az-cases.pl\/en\/flight-cases\/musical-instruments\/","title":{"rendered":"Musical instruments"},"content":{"rendered":"<p>[vc_row full_width=&#8221;stretch_row_content_no_spaces&#8221;][vc_column]<style scoped='scoped'>.mgt-promo-block-79224415.mgt-promo-block.darken .mgt-promo-block-content {background-color: rgba(0,0,0,0.3)!important;}.mgt-promo-block-79224415.mgt-promo-block .mgt-promo-block-content h2 {font-size: 40px;line-height: normal!important;}.mgt-promo-block-79224415.mgt-promo-block .mgt-promo-block-content h2 {margin: 20px!important;}<\/style><div class=\"mgt-promo-block-container wpb_content_element\"><div class=\"mgt-promo-block-wrapper \"><div  class=\" mgt-promo-block white-text cover-image darken mgt-promo-block-79224415\" data-style=\"background-image: url(https:\/\/www.az-cases.pl\/wp-content\/uploads\/2019\/06\/skrzynie-transportowe-na-instrumenty-muzyczne.jpg);background-repeat: no-repeat;height: 650px;\"><div class=\"mgt-promo-block-content va-middle\"><div class=\"mgt-promo-block-content-inside vc_custom_1565250996598\">\n<h1 style=\"text-align: center;\">Musical instruments cases<\/h1>\n<p>&nbsp;<\/p>\n<h3 style=\"text-align: center;\">If you are interested in our offer, please contact us<\/h3>\n<div class=\"mgt-button-wrapper mgt-button-wrapper-align-center mgt-button-wrapper-display-newline mgt-button-top-margin-true mgt-button-right-margin-false mgt-button-round-edges-small \"><a class=\"btn hvr-float mgt-button-icon-true mgt-button mgt-style-grey mgt-size-normal mgt-align-center mgt-display-newline mgt-text-size-small mgt-button-icon-separator- mgt-button-icon-position-right text-font-weight-default mgt-text-transform-none\" href=\"http:\/\/www.az-cases.pl\/en\/contact\/\" target=\"_blank\">Contact<i class=\"entypo-icon entypo-icon-right-open-mini\"><\/i><\/a><\/div><\/div><\/div><\/div><\/div><\/div>[\/vc_column][\/vc_row][vc_row][vc_column][vc_empty_space][\/vc_column][\/vc_row][vc_row full_width=&#8221;stretch_row&#8221; content_placement=&#8221;middle&#8221; css=&#8221;.vc_custom_1546522130920{padding-top: 30px !important;padding-bottom: 20px !important;}&#8221;][vc_column width=&#8221;1\/3&#8243;]<div class=\"cqcarousel-container \" data-slidestoshow=\"5\" data-thumbstoshow=\"4\" data-dots=\"no\" data-arrows=\"no\" data-isgallery=\"is-gallery\" data-largeimagearrows=\"yes\" data-autoplay=\"\" data-autoplayspeed=\"4000\" data-containerwidth=\"\" data-containermaxwidth=\"\" data-imgnum=\"2\" data-bottomversion=\"\" data-dotbottom=\"\" data-lightboxmode=\"prettyphoto\"><div class=\"carousel-gallery\"><div><img decoding=\"async\" src=\"https:\/\/www.az-cases.pl\/wp-content\/uploads\/2019\/06\/skrzynia-transportowa-na-celeste.jpg\" alt=\"skrzynia transportowa na celeste\" \/><\/div><div><img decoding=\"async\" src=\"https:\/\/www.az-cases.pl\/wp-content\/uploads\/2019\/06\/skrzynia-na-czeleste.jpg\" alt=\"skrzynia na czeleste\" \/><\/div><\/div><div class=\"carousel-thumb is-gallery\"><div title=\"\"><img decoding=\"async\" src=\"https:\/\/www.az-cases.pl\/wp-content\/uploads\/2019\/06\/skrzynia-transportowa-na-celeste.jpg\" alt=\"skrzynia transportowa na celeste\" \/><\/div><div title=\"\"><img decoding=\"async\" src=\"https:\/\/www.az-cases.pl\/wp-content\/uploads\/2019\/06\/skrzynia-na-czeleste.jpg\" alt=\"skrzynia na czeleste\" \/><\/div><\/div><\/div>[vc_column_text]<\/p>\n<h2>Celesta<\/h2>\n<p>Lorem ipsum dolor sit amet, consectetur adipiscing elit. Ut elit tellus, luctus nec ullamcorper mattis, pulvinar dapibus leo.[\/vc_column_text][\/vc_column][vc_column width=&#8221;1\/3&#8243;]<div class=\"cqcarousel-container \" data-slidestoshow=\"5\" data-thumbstoshow=\"4\" data-dots=\"no\" data-arrows=\"no\" data-isgallery=\"is-gallery\" data-largeimagearrows=\"yes\" data-autoplay=\"\" data-autoplayspeed=\"4000\" data-containerwidth=\"\" data-containermaxwidth=\"\" data-imgnum=\"2\" data-bottomversion=\"\" data-dotbottom=\"\" data-lightboxmode=\"prettyphoto\"><div class=\"carousel-gallery\"><div><img decoding=\"async\" src=\"https:\/\/www.az-cases.pl\/wp-content\/uploads\/2019\/06\/skrzynia-transportowa-na-kotly-adams.jpg\" alt=\"skrzynia transportowa na kotly adams\" \/><\/div><div><img decoding=\"async\" src=\"https:\/\/www.az-cases.pl\/wp-content\/uploads\/2019\/06\/skrzynia-na-kotly.jpg\" alt=\"skrzynia na kotly\" \/><\/div><\/div><div class=\"carousel-thumb is-gallery\"><div title=\"\"><img decoding=\"async\" src=\"https:\/\/www.az-cases.pl\/wp-content\/uploads\/2019\/06\/skrzynia-transportowa-na-kotly-adams.jpg\" alt=\"skrzynia transportowa na kotly adams\" \/><\/div><div title=\"\"><img decoding=\"async\" src=\"https:\/\/www.az-cases.pl\/wp-content\/uploads\/2019\/06\/skrzynia-na-kotly.jpg\" alt=\"skrzynia na kotly\" \/><\/div><\/div><\/div>[vc_column_text]<\/p>\n<h2>Adams timpani<\/h2>\n<p>Lorem ipsum dolor sit amet, consectetur adipiscing elit. Ut elit tellus, luctus nec ullamcorper mattis, pulvinar dapibus leo.[\/vc_column_text][\/vc_column][vc_column width=&#8221;1\/3&#8243;]<div class=\"cqcarousel-container \" data-slidestoshow=\"5\" data-thumbstoshow=\"4\" data-dots=\"no\" data-arrows=\"no\" data-isgallery=\"is-gallery\" data-largeimagearrows=\"yes\" data-autoplay=\"\" data-autoplayspeed=\"4000\" data-containerwidth=\"\" data-containermaxwidth=\"\" data-imgnum=\"2\" data-bottomversion=\"\" data-dotbottom=\"\" data-lightboxmode=\"prettyphoto\"><div class=\"carousel-gallery\"><div><img decoding=\"async\" src=\"https:\/\/www.az-cases.pl\/wp-content\/uploads\/2019\/06\/skrzynia-transportowa-na-saksofon.jpg\" alt=\"skrzynia transportowa na saksofon\" \/><\/div><div><img decoding=\"async\" src=\"https:\/\/www.az-cases.pl\/wp-content\/uploads\/2019\/06\/skrzynia-na-saksofon.jpg\" alt=\"skrzynia na saksofon\" \/><\/div><\/div><div class=\"carousel-thumb is-gallery\"><div title=\"\"><img decoding=\"async\" src=\"https:\/\/www.az-cases.pl\/wp-content\/uploads\/2019\/06\/skrzynia-transportowa-na-saksofon.jpg\" alt=\"skrzynia transportowa na saksofon\" \/><\/div><div title=\"\"><img decoding=\"async\" src=\"https:\/\/www.az-cases.pl\/wp-content\/uploads\/2019\/06\/skrzynia-na-saksofon.jpg\" alt=\"skrzynia na saksofon\" \/><\/div><\/div><\/div>[vc_column_text]<\/p>\n<h2>Saxophone<\/h2>\n<p>Lorem ipsum dolor sit amet, consectetur adipiscing elit. Ut elit tellus, luctus nec ullamcorper mattis, pulvinar dapibus leo.[\/vc_column_text][\/vc_column][\/vc_row][vc_row full_width=&#8221;stretch_row&#8221; content_placement=&#8221;middle&#8221; css=&#8221;.vc_custom_1546522130920{padding-top: 30px !important;padding-bottom: 20px !important;}&#8221;][vc_column width=&#8221;1\/3&#8243;]<div class=\"cqcarousel-container \" data-slidestoshow=\"5\" data-thumbstoshow=\"4\" data-dots=\"no\" data-arrows=\"no\" data-isgallery=\"is-gallery\" data-largeimagearrows=\"yes\" data-autoplay=\"\" data-autoplayspeed=\"4000\" data-containerwidth=\"\" data-containermaxwidth=\"\" data-imgnum=\"2\" data-bottomversion=\"\" data-dotbottom=\"\" data-lightboxmode=\"prettyphoto\"><div class=\"carousel-gallery\"><div><img decoding=\"async\" src=\"https:\/\/www.az-cases.pl\/wp-content\/uploads\/2019\/06\/skrzynia-transportowa-na-skrzypce.jpg\" alt=\"skrzynia transportowa na skrzypce\" \/><\/div><div><img decoding=\"async\" src=\"https:\/\/www.az-cases.pl\/wp-content\/uploads\/2019\/06\/skrzynia-na-skrzypce.jpg\" alt=\"skrzynia na skrzypce\" \/><\/div><\/div><div class=\"carousel-thumb is-gallery\"><div title=\"\"><img decoding=\"async\" src=\"https:\/\/www.az-cases.pl\/wp-content\/uploads\/2019\/06\/skrzynia-transportowa-na-skrzypce.jpg\" alt=\"skrzynia transportowa na skrzypce\" \/><\/div><div title=\"\"><img decoding=\"async\" src=\"https:\/\/www.az-cases.pl\/wp-content\/uploads\/2019\/06\/skrzynia-na-skrzypce.jpg\" alt=\"skrzynia na skrzypce\" \/><\/div><\/div><\/div>[vc_column_text]<\/p>\n<h2>Violin<\/h2>\n<p>Lorem ipsum dolor sit amet, consectetur adipiscing elit. Ut elit tellus, luctus nec ullamcorper mattis, pulvinar dapibus leo.[\/vc_column_text][\/vc_column][vc_column width=&#8221;1\/3&#8243;]<div class=\"cqcarousel-container \" data-slidestoshow=\"5\" data-thumbstoshow=\"4\" data-dots=\"no\" data-arrows=\"no\" data-isgallery=\"is-gallery\" data-largeimagearrows=\"yes\" data-autoplay=\"\" data-autoplayspeed=\"4000\" data-containerwidth=\"\" data-containermaxwidth=\"\" data-imgnum=\"2\" data-bottomversion=\"\" data-dotbottom=\"\" data-lightboxmode=\"prettyphoto\"><div class=\"carousel-gallery\"><div><img decoding=\"async\" src=\"https:\/\/www.az-cases.pl\/wp-content\/uploads\/2019\/06\/skrzynia-transportowa-na-wiolonczele.jpg\" alt=\"skrzynia transportowa na wiolonczele\" \/><\/div><div><img decoding=\"async\" src=\"https:\/\/www.az-cases.pl\/wp-content\/uploads\/2019\/06\/skrzynia-na-wiolonczele.jpg\" alt=\"skrzynia na wiolonczele\" \/><\/div><\/div><div class=\"carousel-thumb is-gallery\"><div title=\"\"><img decoding=\"async\" src=\"https:\/\/www.az-cases.pl\/wp-content\/uploads\/2019\/06\/skrzynia-transportowa-na-wiolonczele.jpg\" alt=\"skrzynia transportowa na wiolonczele\" \/><\/div><div title=\"\"><img decoding=\"async\" src=\"https:\/\/www.az-cases.pl\/wp-content\/uploads\/2019\/06\/skrzynia-na-wiolonczele.jpg\" alt=\"skrzynia na wiolonczele\" \/><\/div><\/div><\/div>[vc_column_text]<\/p>\n<h2>Cello<\/h2>\n<p>Lorem ipsum dolor sit amet, consectetur adipiscing elit. Ut elit tellus, luctus nec ullamcorper mattis, pulvinar dapibus leo.[\/vc_column_text][\/vc_column][vc_column width=&#8221;1\/3&#8243;][\/vc_column][\/vc_row][vc_row full_width=&#8221;stretch_row&#8221; css=&#8221;.vc_custom_1488988822426{padding-top: 30px !important;padding-bottom: 20px !important;}&#8221;][vc_column][vc_column_text el_class=&#8221;text-size-medium&#8221;]The purchase of professional musical instruments is a very large expense, which is why they require a special type of transport cases. Flight cases are also perfect in this role due to being waterproof and very durable. In our offer, you will find, among others, casings for timpani, pianos, cellos, keyboards, violins, double basses and many other instruments. We invite you to cooperate with AZ Case Studio![\/vc_column_text][\/vc_column][\/vc_row][vc_row full_width=&#8221;stretch_row&#8221; css_animation=&#8221;none&#8221; css=&#8221;.vc_custom_1545140106211{border-top-width: 1px !important;background-color: #f8f8f8 !important;background-position: 0 0 !important;background-repeat: repeat !important;border-top-color: #e6e6e6 !important;border-top-style: solid !important;border-radius: 1px !important;}&#8221;][vc_column]<div  class=\" mgt-cta-block clearfix black-text without-text wpb_content_element\" data-style=\"background-color: ;\"><div class=\"mgt-cta-content-wrapper\"><h5 class=\"mgt-cta-block-header\">Please contact us<\/h5><\/div><div class=\"mgt-button-wrapper mgt-button-wrapper-align-right mgt-button-wrapper-display-newline mgt-button-top-margin-false mgt-button-right-margin-false mgt-button-round-edges-small \"><a class=\"btn hvr-float mgt-button-icon-true mgt-button mgt-style-borderedgrey mgt-size-normal mgt-align-right mgt-display-newline mgt-text-size-normal mgt-button-icon-separator- mgt-button-icon-position-right text-font-weight-default mgt-text-transform-none\" href=\"http:\/\/www.az-cases.pl\/en\/contact\/\">Contact<i class=\"entypo-icon entypo-icon-right-open\"><\/i><\/a><\/div><\/div>[\/vc_column][\/vc_row]<\/p>\n","protected":false},"excerpt":{"rendered":"<p>[vc_row full_width=&#8221;stretch_row_content_no_spaces&#8221;][vc_column][\/vc_column][\/vc_row][vc_row][vc_column][vc_empty_space][\/vc_column][\/vc_row][vc_row full_width=&#8221;stretch_row&#8221; content_placement=&#8221;middle&#8221; css=&#8221;.vc_custom_1546522130920{padding-top: 30px !important;padding-bottom: 20px !important;}&#8221;][vc_column width=&#8221;1\/3&#8243;][vc_column_text] Celesta Lorem ipsum dolor sit amet, consectetur adipiscing elit. Ut elit tellus, luctus nec ullamcorper mattis, pulvinar dapibus leo.[\/vc_column_text][\/vc_column][vc_column width=&#8221;1\/3&#8243;][vc_column_text]&#8230;<\/p>\n","protected":false},"author":1,"featured_media":0,"parent":5843,"menu_order":0,"comment_status":"closed","ping_status":"closed","template":"","meta":{"footnotes":""},"class_list":["post-5885","page","type-page","status-publish","hentry"],"yoast_head":"<!-- This site is optimized with the Yoast SEO plugin v18.0 - https:\/\/yoast.com\/wordpress\/plugins\/seo\/ -->\n<title>Skrzynie transportowe na instrumenty muzyczne - Az-cases.pl<\/title>\n<meta name=\"description\" content=\"W roli skrzy\u0144 transportowych na instrumenty muzyczne doskonale sprawdzaj\u0105 si\u0119 skrzynie typu case, poniewa\u017c s\u0105 wodoodporne i bardzo wytrzyma\u0142e. Zapraszamy\" \/>\n<meta name=\"robots\" content=\"index, follow, max-snippet:-1, max-image-preview:large, max-video-preview:-1\" \/>\n<link rel=\"canonical\" href=\"https:\/\/www.az-cases.pl\/en\/flight-cases\/musical-instruments\/\" \/>\n<meta property=\"og:locale\" content=\"en_US\" \/>\n<meta property=\"og:type\" content=\"article\" \/>\n<meta property=\"og:title\" content=\"Skrzynie transportowe na instrumenty muzyczne - Az-cases.pl\" \/>\n<meta property=\"og:description\" content=\"W roli skrzy\u0144 transportowych na instrumenty muzyczne doskonale sprawdzaj\u0105 si\u0119 skrzynie typu case, poniewa\u017c s\u0105 wodoodporne i bardzo wytrzyma\u0142e. Zapraszamy\" \/>\n<meta property=\"og:url\" content=\"https:\/\/www.az-cases.pl\/en\/flight-cases\/musical-instruments\/\" \/>\n<meta property=\"og:site_name\" content=\"Az-cases.pl\" \/>\n<meta property=\"article:modified_time\" content=\"2019-08-08T07:57:31+00:00\" \/>\n<meta name=\"twitter:card\" content=\"summary_large_image\" \/>\n<meta name=\"twitter:label1\" content=\"Est. reading time\" \/>\n\t<meta name=\"twitter:data1\" content=\"3 minutes\" \/>\n<script type=\"application\/ld+json\" class=\"yoast-schema-graph\">{\"@context\":\"https:\/\/schema.org\",\"@graph\":[{\"@type\":\"WebSite\",\"@id\":\"https:\/\/www.az-cases.pl\/#website\",\"url\":\"https:\/\/www.az-cases.pl\/\",\"name\":\"Az-cases.pl\",\"description\":\"Az-cases.pl\",\"potentialAction\":[{\"@type\":\"SearchAction\",\"target\":{\"@type\":\"EntryPoint\",\"urlTemplate\":\"https:\/\/www.az-cases.pl\/?s={search_term_string}\"},\"query-input\":\"required name=search_term_string\"}],\"inLanguage\":\"en-US\"},{\"@type\":\"WebPage\",\"@id\":\"https:\/\/www.az-cases.pl\/en\/flight-cases\/musical-instruments\/#webpage\",\"url\":\"https:\/\/www.az-cases.pl\/en\/flight-cases\/musical-instruments\/\",\"name\":\"Skrzynie transportowe na instrumenty muzyczne - Az-cases.pl\",\"isPartOf\":{\"@id\":\"https:\/\/www.az-cases.pl\/#website\"},\"datePublished\":\"2019-01-30T09:01:13+00:00\",\"dateModified\":\"2019-08-08T07:57:31+00:00\",\"description\":\"W roli skrzy\u0144 transportowych na instrumenty muzyczne doskonale sprawdzaj\u0105 si\u0119 skrzynie typu case, poniewa\u017c s\u0105 wodoodporne i bardzo wytrzyma\u0142e. Zapraszamy\",\"breadcrumb\":{\"@id\":\"https:\/\/www.az-cases.pl\/en\/flight-cases\/musical-instruments\/#breadcrumb\"},\"inLanguage\":\"en-US\",\"potentialAction\":[{\"@type\":\"ReadAction\",\"target\":[\"https:\/\/www.az-cases.pl\/en\/flight-cases\/musical-instruments\/\"]}]},{\"@type\":\"BreadcrumbList\",\"@id\":\"https:\/\/www.az-cases.pl\/en\/flight-cases\/musical-instruments\/#breadcrumb\",\"itemListElement\":[{\"@type\":\"ListItem\",\"position\":1,\"name\":\"Home\",\"item\":\"https:\/\/www.az-cases.pl\/en\/\"},{\"@type\":\"ListItem\",\"position\":2,\"name\":\"Flight cases\",\"item\":\"https:\/\/www.az-cases.pl\/en\/flight-cases\/\"},{\"@type\":\"ListItem\",\"position\":3,\"name\":\"Musical instruments\"}]}]}<\/script>\n<!-- \/ Yoast SEO plugin. -->","yoast_head_json":{"title":"Skrzynie transportowe na instrumenty muzyczne - Az-cases.pl","description":"W roli skrzy\u0144 transportowych na instrumenty muzyczne doskonale sprawdzaj\u0105 si\u0119 skrzynie typu case, poniewa\u017c s\u0105 wodoodporne i bardzo wytrzyma\u0142e. Zapraszamy","robots":{"index":"index","follow":"follow","max-snippet":"max-snippet:-1","max-image-preview":"max-image-preview:large","max-video-preview":"max-video-preview:-1"},"canonical":"https:\/\/www.az-cases.pl\/en\/flight-cases\/musical-instruments\/","og_locale":"en_US","og_type":"article","og_title":"Skrzynie transportowe na instrumenty muzyczne - Az-cases.pl","og_description":"W roli skrzy\u0144 transportowych na instrumenty muzyczne doskonale sprawdzaj\u0105 si\u0119 skrzynie typu case, poniewa\u017c s\u0105 wodoodporne i bardzo wytrzyma\u0142e. Zapraszamy","og_url":"https:\/\/www.az-cases.pl\/en\/flight-cases\/musical-instruments\/","og_site_name":"Az-cases.pl","article_modified_time":"2019-08-08T07:57:31+00:00","twitter_card":"summary_large_image","twitter_misc":{"Est. reading time":"3 minutes"},"schema":{"@context":"https:\/\/schema.org","@graph":[{"@type":"WebSite","@id":"https:\/\/www.az-cases.pl\/#website","url":"https:\/\/www.az-cases.pl\/","name":"Az-cases.pl","description":"Az-cases.pl","potentialAction":[{"@type":"SearchAction","target":{"@type":"EntryPoint","urlTemplate":"https:\/\/www.az-cases.pl\/?s={search_term_string}"},"query-input":"required name=search_term_string"}],"inLanguage":"en-US"},{"@type":"WebPage","@id":"https:\/\/www.az-cases.pl\/en\/flight-cases\/musical-instruments\/#webpage","url":"https:\/\/www.az-cases.pl\/en\/flight-cases\/musical-instruments\/","name":"Skrzynie transportowe na instrumenty muzyczne - Az-cases.pl","isPartOf":{"@id":"https:\/\/www.az-cases.pl\/#website"},"datePublished":"2019-01-30T09:01:13+00:00","dateModified":"2019-08-08T07:57:31+00:00","description":"W roli skrzy\u0144 transportowych na instrumenty muzyczne doskonale sprawdzaj\u0105 si\u0119 skrzynie typu case, poniewa\u017c s\u0105 wodoodporne i bardzo wytrzyma\u0142e. Zapraszamy","breadcrumb":{"@id":"https:\/\/www.az-cases.pl\/en\/flight-cases\/musical-instruments\/#breadcrumb"},"inLanguage":"en-US","potentialAction":[{"@type":"ReadAction","target":["https:\/\/www.az-cases.pl\/en\/flight-cases\/musical-instruments\/"]}]},{"@type":"BreadcrumbList","@id":"https:\/\/www.az-cases.pl\/en\/flight-cases\/musical-instruments\/#breadcrumb","itemListElement":[{"@type":"ListItem","position":1,"name":"Home","item":"https:\/\/www.az-cases.pl\/en\/"},{"@type":"ListItem","position":2,"name":"Flight cases","item":"https:\/\/www.az-cases.pl\/en\/flight-cases\/"},{"@type":"ListItem","position":3,"name":"Musical instruments"}]}]}},"_links":{"self":[{"href":"https:\/\/www.az-cases.pl\/en\/wp-json\/wp\/v2\/pages\/5885","targetHints":{"allow":["GET"]}}],"collection":[{"href":"https:\/\/www.az-cases.pl\/en\/wp-json\/wp\/v2\/pages"}],"about":[{"href":"https:\/\/www.az-cases.pl\/en\/wp-json\/wp\/v2\/types\/page"}],"author":[{"embeddable":true,"href":"https:\/\/www.az-cases.pl\/en\/wp-json\/wp\/v2\/users\/1"}],"replies":[{"embeddable":true,"href":"https:\/\/www.az-cases.pl\/en\/wp-json\/wp\/v2\/comments?post=5885"}],"version-history":[{"count":5,"href":"https:\/\/www.az-cases.pl\/en\/wp-json\/wp\/v2\/pages\/5885\/revisions"}],"predecessor-version":[{"id":5966,"href":"https:\/\/www.az-cases.pl\/en\/wp-json\/wp\/v2\/pages\/5885\/revisions\/5966"}],"up":[{"embeddable":true,"href":"https:\/\/www.az-cases.pl\/en\/wp-json\/wp\/v2\/pages\/5843"}],"wp:attachment":[{"href":"https:\/\/www.az-cases.pl\/en\/wp-json\/wp\/v2\/media?parent=5885"}],"curies":[{"name":"wp","href":"https:\/\/api.w.org\/{rel}","templated":true}]}}